{"id":13672,"date":"2014-10-11T14:58:50","date_gmt":"2014-10-11T10:58:50","guid":{"rendered":"https:\/\/legba-group.com\/?page_id=13672"},"modified":"2025-09-11T10:35:29","modified_gmt":"2025-09-11T06:35:29","slug":"a-propos-de-nous","status":"publish","type":"page","link":"https:\/\/legba-group.com\/fr\/a-propos-de-nous\/","title":{"rendered":"\u00c0 propos de nous"},"content":{"rendered":"<p><div class=\"fusion-fullwidth fullwidth-box fusion-builder-row-1 fusion-flex-container nonhundred-percent-fullwidth non-hundred-percent-height-scrolling\" style=\"--awb-background-position:left top;--awb-background-blend-mode:overlay;--awb-border-sizes-top:0px;--awb-border-sizes-bottom:0px;--awb-border-sizes-left:0px;--awb-border-sizes-right:0px;--awb-border-radius-top-left:0px;--awb-border-radius-top-right:0px;--awb-border-radius-bottom-right:0px;--awb-border-radius-bottom-left:0px;--awb-padding-top:0px;--awb-padding-bottom:50px;--awb-background-color:hsla(var(--awb-color1-h),var(--awb-color1-s),var(--awb-color1-l),calc( var(--awb-color1-a) - 50% ));--awb-flex-wrap:wrap;\" ><div class=\"fusion-builder-row fusion-row fusion-flex-align-items-flex-start fusion-flex-content-wrap\" style=\"max-width:calc( 1170px + 0px );margin-left: calc(-0px \/ 2 );margin-right: calc(-0px \/ 2 );\"><div class=\"fusion-layout-column fusion_builder_column fusion-builder-column-0 fusion_builder_column_1_1 1_1 fusion-flex-column fusion-flex-align-self-flex-start fusion-column-no-min-height\" style=\"--awb-bg-blend:overlay;--awb-bg-size:cover;--awb-width-large:100%;--awb-margin-top-large:0px;--awb-spacing-right-large:0px;--awb-margin-bottom-large:0px;--awb-spacing-left-large:0px;--awb-width-medium:100%;--awb-spacing-right-medium:0px;--awb-spacing-left-medium:0px;--awb-width-small:100%;--awb-spacing-right-small:0px;--awb-spacing-left-small:0px;\"><div class=\"fusion-column-wrapper fusion-flex-justify-content-flex-start fusion-content-layout-column\"><div class=\"fusion-title title fusion-title-1 fusion-title-center fusion-title-text fusion-title-size-three\" style=\"--awb-margin-top-small:0px;--awb-margin-right-small:0px;--awb-margin-bottom-small:20px;--awb-margin-left-small:0px;\"><div class=\"title-sep-container title-sep-container-left\"><div class=\"title-sep sep- sep-solid\" style=\"border-color:hsla(var(--awb-color2-h),var(--awb-color2-s),var(--awb-color2-l),calc( var(--awb-color2-a) - 10% ));\"><\/div><\/div><span class=\"awb-title-spacer\"><\/span><h3 class=\"fusion-title-heading title-heading-center\" style=\"margin:0;\">Notre mission est de cr\u00e9er de la valeur \u00e0 long terme en soutenant les entreprises et en b\u00e2tissant des partenariats strat\u00e9giques \u00e0 travers les r\u00e9gions.<\/h3><span class=\"awb-title-spacer\"><\/span><div class=\"title-sep-container title-sep-container-right\"><div class=\"title-sep sep- sep-solid\" style=\"border-color:hsla(var(--awb-color2-h),var(--awb-color2-s),var(--awb-color2-l),calc( var(--awb-color2-a) - 10% ));\"><\/div><\/div><\/div><div class=\"fusion-separator\" style=\"align-self: center;margin-left: auto;margin-right: auto;margin-top:5px;margin-bottom:45px;width:100%;max-width:200px;\"><div class=\"fusion-separator-border sep-single sep-solid\" style=\"--awb-height:20px;--awb-amount:20px;--awb-sep-color:hsla(var(--awb-color8-h),var(--awb-color8-s),calc( var(--awb-color8-l) + 88% ),var(--awb-color8-a));border-color:hsla(var(--awb-color8-h),var(--awb-color8-s),calc( var(--awb-color8-l) + 88% ),var(--awb-color8-a));border-top-width:1px;\"><\/div><\/div><\/div><\/div><div class=\"fusion-layout-column fusion_builder_column fusion-builder-column-1 fusion_builder_column_1_1 1_1 fusion-flex-column fusion-flex-align-self-flex-start fusion-column-no-min-height\" style=\"--awb-bg-blend:overlay;--awb-bg-size:cover;--awb-width-large:100%;--awb-margin-top-large:0px;--awb-spacing-right-large:0px;--awb-margin-bottom-large:0px;--awb-spacing-left-large:0px;--awb-width-medium:100%;--awb-spacing-right-medium:0px;--awb-spacing-left-medium:0px;--awb-width-small:100%;--awb-spacing-right-small:0px;--awb-spacing-left-small:0px;\"><div class=\"fusion-column-wrapper fusion-flex-justify-content-flex-start fusion-content-layout-column\"><div class=\"fusion-image-element \" style=\"text-align:center;--awb-caption-title-font-family:var(--h2_typography-font-family);--awb-caption-title-font-weight:var(--h2_typography-font-weight);--awb-caption-title-font-style:var(--h2_typography-font-style);--awb-caption-title-size:var(--h2_typography-font-size);--awb-caption-title-transform:var(--h2_typography-text-transform);--awb-caption-title-line-height:var(--h2_typography-line-height);--awb-caption-title-letter-spacing:var(--h2_typography-letter-spacing);\"><span class=\" fusion-imageframe imageframe-none imageframe-1 hover-type-none fusion-animated\" style=\"border-radius:5px;\" data-animationType=\"fadeInLeft\" data-animationDuration=\"1\" data-animationOffset=\"top-into-view\"><img decoding=\"async\" width=\"1024\" height=\"559\" alt=\"about legba group\" title=\"About\" src=\"https:\/\/legba-group.com\/wp-content\/uploads\/2025\/06\/About.png\" data-orig-src=\"http:\/\/legba-group.com\/wp-content\/uploads\/2025\/06\/About.png\" class=\"lazyload img-responsive wp-image-13630\" srcset=\"data:image\/svg+xml,%3Csvg%20xmlns%3D%27http%3A%2F%2Fwww.w3.org%2F2000%2Fsvg%27%20width%3D%271024%27%20height%3D%27559%27%20viewBox%3D%270%200%201024%20559%27%3E%3Crect%20width%3D%271024%27%20height%3D%27559%27%20fill-opacity%3D%220%22%2F%3E%3C%2Fsvg%3E\" data-srcset=\"https:\/\/legba-group.com\/wp-content\/uploads\/2025\/06\/About-200x109.png 200w, https:\/\/legba-group.com\/wp-content\/uploads\/2025\/06\/About-400x218.png 400w, https:\/\/legba-group.com\/wp-content\/uploads\/2025\/06\/About-600x328.png 600w, https:\/\/legba-group.com\/wp-content\/uploads\/2025\/06\/About-800x437.png 800w, https:\/\/legba-group.com\/wp-content\/uploads\/2025\/06\/About.png 1024w\" data-sizes=\"auto\" data-orig-sizes=\"(max-width: 1024px) 100vw, (max-width: 640px) 100vw, 1024px\" \/><\/span><\/div><div class=\"fusion-separator fusion-full-width-sep\" style=\"align-self: center;margin-left: auto;margin-right: auto;margin-top:20px;margin-bottom:10px;width:100%;\"><\/div><\/div><\/div><div class=\"fusion-layout-column fusion_builder_column fusion-builder-column-2 fusion_builder_column_1_1 1_1 fusion-flex-column fusion-flex-align-self-flex-start fusion-column-no-min-height\" style=\"--awb-bg-blend:overlay;--awb-bg-size:cover;--awb-width-large:100%;--awb-margin-top-large:0px;--awb-spacing-right-large:0px;--awb-margin-bottom-large:0px;--awb-spacing-left-large:0px;--awb-width-medium:100%;--awb-spacing-right-medium:0px;--awb-spacing-left-medium:0px;--awb-width-small:100%;--awb-spacing-right-small:0px;--awb-spacing-left-small:0px;\"><div class=\"fusion-column-wrapper fusion-flex-justify-content-flex-start fusion-content-layout-column\"><div class=\"fusion-text fusion-text-1\" style=\"--awb-content-alignment:center;\"><p><span lang=\"FR\">Une \u00e9quipe pluridisciplinaire compos\u00e9e d\u2019ing\u00e9nieurs, d\u2019avocats et de financiers de diff\u00e9rentes nationalit\u00e9s a choisi de conjuguer ses comp\u00e9tences pour r\u00e9pondre aux besoins des promoteurs de projets immobiliers et industriels. Notre objectif est d\u2019apporter une expertise compl\u00e8te en gestion de projet, technique, financi\u00e8re et juridique.<\/span><\/p>\n<p><span lang=\"FR\">Nous visons \u00e0 cr\u00e9er de la valeur durable en renfor\u00e7ant les entreprises et en b\u00e2tissant des partenariats strat\u00e9giques \u00e0 travers trois continents cibles, le Golfe Persique, L\u2019Europe et l\u2019Afrique.<\/span><\/p>\n<\/div><\/div><\/div><\/div><\/div><div class=\"fusion-fullwidth fullwidth-box fusion-builder-row-2 fusion-flex-container fusion-parallax-none nonhundred-percent-fullwidth non-hundred-percent-height-scrolling lazyload\" style=\"--awb-background-position:left top;--awb-border-sizes-top:0px;--awb-border-sizes-bottom:0px;--awb-border-sizes-left:0px;--awb-border-sizes-right:0px;--awb-border-radius-top-left:0px;--awb-border-radius-top-right:0px;--awb-border-radius-bottom-right:0px;--awb-border-radius-bottom-left:0px;--awb-padding-top:100px;--awb-padding-bottom:100px;--awb-background-image:linear-gradient(180deg, rgba(2,0,66,0.67) 0%,rgba(2,0,66,0.67) 100%);;--awb-background-size:cover;--awb-flex-wrap:wrap;\" data-bg=\"http:\/\/legba-group.com\/wp-content\/uploads\/2022\/01\/city-2.jpg\" data-bg-gradient=\"linear-gradient(180deg, rgba(2,0,66,0.67) 0%,rgba(2,0,66,0.67) 100%)\" ><div class=\"fusion-builder-row fusion-row fusion-flex-align-items-flex-start fusion-flex-content-wrap\" style=\"max-width:calc( 1170px + 0px );margin-left: calc(-0px \/ 2 );margin-right: calc(-0px \/ 2 );\"><div class=\"fusion-layout-column fusion_builder_column fusion-builder-column-3 fusion_builder_column_1_1 1_1 fusion-flex-column fusion-flex-align-self-flex-start fusion-column-no-min-height\" style=\"--awb-bg-blend:overlay;--awb-bg-size:cover;--awb-width-large:100%;--awb-margin-top-large:0px;--awb-spacing-right-large:0px;--awb-margin-bottom-large:0px;--awb-spacing-left-large:0px;--awb-width-medium:100%;--awb-spacing-right-medium:0px;--awb-spacing-left-medium:0px;--awb-width-small:100%;--awb-spacing-right-small:0px;--awb-spacing-left-small:0px;\"><div class=\"fusion-column-wrapper fusion-flex-justify-content-flex-start fusion-content-layout-column\"><\/div><\/div><div class=\"fusion-layout-column fusion_builder_column fusion-builder-column-4 fusion_builder_column_1_1 1_1 fusion-flex-column fusion-flex-align-self-flex-start fusion-column-no-min-height\" style=\"--awb-bg-blend:overlay;--awb-bg-size:cover;--awb-width-large:100%;--awb-margin-top-large:0px;--awb-spacing-right-large:0px;--awb-margin-bottom-large:0px;--awb-spacing-left-large:0px;--awb-width-medium:100%;--awb-spacing-right-medium:0px;--awb-spacing-left-medium:0px;--awb-width-small:100%;--awb-spacing-right-small:0px;--awb-spacing-left-small:0px;\"><div class=\"fusion-column-wrapper fusion-flex-justify-content-flex-start fusion-content-layout-column\"><div class=\"fusion-title title fusion-title-2 fusion-title-center fusion-title-text fusion-title-size-one\" style=\"--awb-text-color:var(--awb-color1);--awb-margin-bottom:16px;--awb-margin-top-small:0px;--awb-margin-right-small:0px;--awb-margin-bottom-small:20px;--awb-margin-left-small:0px;\"><div class=\"title-sep-container title-sep-container-left\"><div class=\"title-sep sep- sep-solid\" style=\"border-color:hsla(var(--awb-color2-h),var(--awb-color2-s),var(--awb-color2-l),calc( var(--awb-color2-a) - 10% ));\"><\/div><\/div><span class=\"awb-title-spacer\"><\/span><h1 class=\"fusion-title-heading title-heading-center\" style=\"margin:0;\">S\u00e9curisez vos objectifs d\u2019investissement<\/h1><span class=\"awb-title-spacer\"><\/span><div class=\"title-sep-container title-sep-container-right\"><div class=\"title-sep sep- sep-solid\" style=\"border-color:hsla(var(--awb-color2-h),var(--awb-color2-s),var(--awb-color2-l),calc( var(--awb-color2-a) - 10% ));\"><\/div><\/div><\/div><div class=\"fusion-text fusion-text-2\" style=\"--awb-content-alignment:center;--awb-font-size:18px;--awb-line-height:20px;--awb-text-color:var(--awb-color1);\"><p>Contactez-nous pour savoir comment nous pouvons soutenir vos objectifs d&rsquo;investissement.<\/p>\n<\/div><div class=\"fusion-separator fusion-full-width-sep\" style=\"align-self: center;margin-left: auto;margin-right: auto;margin-top:9px;margin-bottom:9px;width:100%;\"><\/div><div style=\"text-align:center;\"><a class=\"fusion-button button-flat button-xlarge button-custom fusion-button-default button-1 fusion-button-default-span \" style=\"--button_accent_color:hsla(var(--awb-color1-h),var(--awb-color1-s),var(--awb-color1-l),calc( var(--awb-color1-a) - 40% ));--button_border_color:hsla(var(--awb-color1-h),var(--awb-color1-s),var(--awb-color1-l),calc( var(--awb-color1-a) - 40% ));--button_accent_hover_color:var(--awb-color1);--button_border_hover_color:var(--awb-color1);--button_border_width-top:1px;--button_border_width-right:1px;--button_border_width-bottom:1px;--button_border_width-left:1px;--button_gradient_top_color:rgba(255,255,255,0);--button_gradient_bottom_color:rgba(255,255,255,0);--button_gradient_top_color_hover:hsla(var(--awb-color1-h),var(--awb-color1-s),var(--awb-color1-l),calc( var(--awb-color1-a) - 91% )));--button_gradient_bottom_color_hover:hsla(var(--awb-color1-h),var(--awb-color1-s),var(--awb-color1-l),calc( var(--awb-color1-a) - 91% )));\" target=\"_blank\" rel=\"noopener noreferrer\" href=\"https:\/\/legba-group.com\/fr\/contact-us\/\"><span class=\"fusion-button-text awb-button__text awb-button__text--default\">Contactez nos experts<\/span><\/a><\/div><\/div><\/div><div class=\"fusion-layout-column fusion_builder_column fusion-builder-column-5 fusion_builder_column_1_1 1_1 fusion-flex-column fusion-flex-align-self-flex-start fusion-column-no-min-height\" style=\"--awb-bg-blend:overlay;--awb-bg-size:cover;--awb-width-large:100%;--awb-margin-top-large:0px;--awb-spacing-right-large:0px;--awb-margin-bottom-large:0px;--awb-spacing-left-large:0px;--awb-width-medium:100%;--awb-spacing-right-medium:0px;--awb-spacing-left-medium:0px;--awb-width-small:100%;--awb-spacing-right-small:0px;--awb-spacing-left-small:0px;\"><div class=\"fusion-column-wrapper fusion-flex-justify-content-flex-start fusion-content-layout-column\"><\/div><\/div><\/div><\/div><\/p>\n","protected":false},"excerpt":{"rendered":"","protected":false},"author":1,"featured_media":13641,"parent":0,"menu_order":0,"comment_status":"open","ping_status":"open","template":"100-width.php","meta":{"footnotes":""},"class_list":["post-13672","page","type-page","status-publish","has-post-thumbnail","hentry"],"yoast_head":"<!-- This site is optimized with the Yoast SEO plugin v27.4 - https:\/\/yoast.com\/product\/yoast-seo-wordpress\/ -->\n<title>\u00c0 propos de nous - Legba Group<\/title>\n<meta name=\"description\" content=\"D\u00e9couvrez LEGBA Commercial Broker L.L.C, un facilitateur de holding et d&#039;investissement de confiance qui catalyse des projets durables et \u00e0 fort impact \u00e0 travers les E.A.U., le Golfe, l&#039;Europe et l&#039;Afrique.\" \/>\n<meta name=\"robots\" content=\"index, follow, max-snippet:-1, max-image-preview:large, max-video-preview:-1\" \/>\n<link rel=\"canonical\" href=\"https:\/\/legba-group.com\/fr\/a-propos-de-nous\/\" \/>\n<meta property=\"og:locale\" content=\"fr_FR\" \/>\n<meta property=\"og:type\" content=\"article\" \/>\n<meta property=\"og:title\" content=\"\u00c0 propos de nous - Legba Group\" \/>\n<meta property=\"og:description\" content=\"D\u00e9couvrez LEGBA Commercial Broker L.L.C, un facilitateur de holding et d&#039;investissement de confiance qui catalyse des projets durables et \u00e0 fort impact \u00e0 travers les E.A.U., le Golfe, l&#039;Europe et l&#039;Afrique.\" \/>\n<meta property=\"og:url\" content=\"https:\/\/legba-group.com\/fr\/a-propos-de-nous\/\" \/>\n<meta property=\"og:site_name\" content=\"Legba Group\" \/>\n<meta property=\"article:modified_time\" content=\"2025-09-11T06:35:29+00:00\" \/>\n<meta property=\"og:image\" content=\"https:\/\/legba-group.com\/wp-content\/uploads\/2025\/06\/legba-group-300x300.jpg\" \/>\n<meta name=\"twitter:card\" content=\"summary_large_image\" \/>\n<meta name=\"twitter:image\" content=\"https:\/\/legba-group.com\/wp-content\/uploads\/2025\/06\/legba-group.jpg\" \/>\n<meta name=\"twitter:label1\" content=\"Dur\u00e9e de lecture estim\u00e9e\" \/>\n\t<meta name=\"twitter:data1\" content=\"2 minutes\" \/>\n<script type=\"application\/ld+json\" class=\"yoast-schema-graph\">{\"@context\":\"https:\\\/\\\/schema.org\",\"@graph\":[{\"@type\":\"WebPage\",\"@id\":\"https:\\\/\\\/legba-group.com\\\/fr\\\/a-propos-de-nous\\\/\",\"url\":\"https:\\\/\\\/legba-group.com\\\/fr\\\/a-propos-de-nous\\\/\",\"name\":\"\u00c0 propos de nous - Legba Group\",\"isPartOf\":{\"@id\":\"https:\\\/\\\/legba-group.com\\\/fr\\\/#website\"},\"primaryImageOfPage\":{\"@id\":\"https:\\\/\\\/legba-group.com\\\/fr\\\/a-propos-de-nous\\\/#primaryimage\"},\"image\":{\"@id\":\"https:\\\/\\\/legba-group.com\\\/fr\\\/a-propos-de-nous\\\/#primaryimage\"},\"thumbnailUrl\":\"https:\\\/\\\/legba-group.com\\\/wp-content\\\/uploads\\\/2025\\\/06\\\/legba-group.jpg\",\"datePublished\":\"2014-10-11T10:58:50+00:00\",\"dateModified\":\"2025-09-11T06:35:29+00:00\",\"description\":\"D\u00e9couvrez LEGBA Commercial Broker L.L.C, un facilitateur de holding et d'investissement de confiance qui catalyse des projets durables et \u00e0 fort impact \u00e0 travers les E.A.U., le Golfe, l'Europe et l'Afrique.\",\"breadcrumb\":{\"@id\":\"https:\\\/\\\/legba-group.com\\\/fr\\\/a-propos-de-nous\\\/#breadcrumb\"},\"inLanguage\":\"fr-FR\",\"potentialAction\":[{\"@type\":\"ReadAction\",\"target\":[\"https:\\\/\\\/legba-group.com\\\/fr\\\/a-propos-de-nous\\\/\"]}]},{\"@type\":\"ImageObject\",\"inLanguage\":\"fr-FR\",\"@id\":\"https:\\\/\\\/legba-group.com\\\/fr\\\/a-propos-de-nous\\\/#primaryimage\",\"url\":\"https:\\\/\\\/legba-group.com\\\/wp-content\\\/uploads\\\/2025\\\/06\\\/legba-group.jpg\",\"contentUrl\":\"https:\\\/\\\/legba-group.com\\\/wp-content\\\/uploads\\\/2025\\\/06\\\/legba-group.jpg\",\"width\":600,\"height\":600,\"caption\":\"legba group LLC\"},{\"@type\":\"BreadcrumbList\",\"@id\":\"https:\\\/\\\/legba-group.com\\\/fr\\\/a-propos-de-nous\\\/#breadcrumb\",\"itemListElement\":[{\"@type\":\"ListItem\",\"position\":1,\"name\":\"Home\",\"item\":\"https:\\\/\\\/legba-group.com\\\/fr\\\/\"},{\"@type\":\"ListItem\",\"position\":2,\"name\":\"\u00c0 propos de nous\"}]},{\"@type\":\"WebSite\",\"@id\":\"https:\\\/\\\/legba-group.com\\\/fr\\\/#website\",\"url\":\"https:\\\/\\\/legba-group.com\\\/fr\\\/\",\"name\":\"Legba Group LLC\",\"description\":\"COMMERCIAL BROKER L.L.C\",\"publisher\":{\"@id\":\"https:\\\/\\\/legba-group.com\\\/fr\\\/#organization\"},\"potentialAction\":[{\"@type\":\"SearchAction\",\"target\":{\"@type\":\"EntryPoint\",\"urlTemplate\":\"https:\\\/\\\/legba-group.com\\\/fr\\\/?s={search_term_string}\"},\"query-input\":{\"@type\":\"PropertyValueSpecification\",\"valueRequired\":true,\"valueName\":\"search_term_string\"}}],\"inLanguage\":\"fr-FR\"},{\"@type\":\"Organization\",\"@id\":\"https:\\\/\\\/legba-group.com\\\/fr\\\/#organization\",\"name\":\"Legba Group\",\"url\":\"https:\\\/\\\/legba-group.com\\\/fr\\\/\",\"logo\":{\"@type\":\"ImageObject\",\"inLanguage\":\"fr-FR\",\"@id\":\"https:\\\/\\\/legba-group.com\\\/fr\\\/#\\\/schema\\\/logo\\\/image\\\/\",\"url\":\"https:\\\/\\\/legba-group.com\\\/wp-content\\\/uploads\\\/2025\\\/06\\\/legba-group.jpg\",\"contentUrl\":\"https:\\\/\\\/legba-group.com\\\/wp-content\\\/uploads\\\/2025\\\/06\\\/legba-group.jpg\",\"width\":600,\"height\":600,\"caption\":\"Legba Group\"},\"image\":{\"@id\":\"https:\\\/\\\/legba-group.com\\\/fr\\\/#\\\/schema\\\/logo\\\/image\\\/\"}}]}<\/script>\n<!-- \/ Yoast SEO plugin. -->","yoast_head_json":{"title":"\u00c0 propos de nous - Legba Group","description":"D\u00e9couvrez LEGBA Commercial Broker L.L.C, un facilitateur de holding et d'investissement de confiance qui catalyse des projets durables et \u00e0 fort impact \u00e0 travers les E.A.U., le Golfe, l'Europe et l'Afrique.","robots":{"index":"index","follow":"follow","max-snippet":"max-snippet:-1","max-image-preview":"max-image-preview:large","max-video-preview":"max-video-preview:-1"},"canonical":"https:\/\/legba-group.com\/fr\/a-propos-de-nous\/","og_locale":"fr_FR","og_type":"article","og_title":"\u00c0 propos de nous - Legba Group","og_description":"D\u00e9couvrez LEGBA Commercial Broker L.L.C, un facilitateur de holding et d'investissement de confiance qui catalyse des projets durables et \u00e0 fort impact \u00e0 travers les E.A.U., le Golfe, l'Europe et l'Afrique.","og_url":"https:\/\/legba-group.com\/fr\/a-propos-de-nous\/","og_site_name":"Legba Group","article_modified_time":"2025-09-11T06:35:29+00:00","og_image":[{"url":"https:\/\/legba-group.com\/wp-content\/uploads\/2025\/06\/legba-group-300x300.jpg","type":"","width":"","height":""}],"twitter_card":"summary_large_image","twitter_image":"https:\/\/legba-group.com\/wp-content\/uploads\/2025\/06\/legba-group.jpg","twitter_misc":{"Dur\u00e9e de lecture estim\u00e9e":"2 minutes"},"schema":{"@context":"https:\/\/schema.org","@graph":[{"@type":"WebPage","@id":"https:\/\/legba-group.com\/fr\/a-propos-de-nous\/","url":"https:\/\/legba-group.com\/fr\/a-propos-de-nous\/","name":"\u00c0 propos de nous - Legba Group","isPartOf":{"@id":"https:\/\/legba-group.com\/fr\/#website"},"primaryImageOfPage":{"@id":"https:\/\/legba-group.com\/fr\/a-propos-de-nous\/#primaryimage"},"image":{"@id":"https:\/\/legba-group.com\/fr\/a-propos-de-nous\/#primaryimage"},"thumbnailUrl":"https:\/\/legba-group.com\/wp-content\/uploads\/2025\/06\/legba-group.jpg","datePublished":"2014-10-11T10:58:50+00:00","dateModified":"2025-09-11T06:35:29+00:00","description":"D\u00e9couvrez LEGBA Commercial Broker L.L.C, un facilitateur de holding et d'investissement de confiance qui catalyse des projets durables et \u00e0 fort impact \u00e0 travers les E.A.U., le Golfe, l'Europe et l'Afrique.","breadcrumb":{"@id":"https:\/\/legba-group.com\/fr\/a-propos-de-nous\/#breadcrumb"},"inLanguage":"fr-FR","potentialAction":[{"@type":"ReadAction","target":["https:\/\/legba-group.com\/fr\/a-propos-de-nous\/"]}]},{"@type":"ImageObject","inLanguage":"fr-FR","@id":"https:\/\/legba-group.com\/fr\/a-propos-de-nous\/#primaryimage","url":"https:\/\/legba-group.com\/wp-content\/uploads\/2025\/06\/legba-group.jpg","contentUrl":"https:\/\/legba-group.com\/wp-content\/uploads\/2025\/06\/legba-group.jpg","width":600,"height":600,"caption":"legba group LLC"},{"@type":"BreadcrumbList","@id":"https:\/\/legba-group.com\/fr\/a-propos-de-nous\/#breadcrumb","itemListElement":[{"@type":"ListItem","position":1,"name":"Home","item":"https:\/\/legba-group.com\/fr\/"},{"@type":"ListItem","position":2,"name":"\u00c0 propos de nous"}]},{"@type":"WebSite","@id":"https:\/\/legba-group.com\/fr\/#website","url":"https:\/\/legba-group.com\/fr\/","name":"Legba Group LLC","description":"COMMERCIAL BROKER L.L.C","publisher":{"@id":"https:\/\/legba-group.com\/fr\/#organization"},"potentialAction":[{"@type":"SearchAction","target":{"@type":"EntryPoint","urlTemplate":"https:\/\/legba-group.com\/fr\/?s={search_term_string}"},"query-input":{"@type":"PropertyValueSpecification","valueRequired":true,"valueName":"search_term_string"}}],"inLanguage":"fr-FR"},{"@type":"Organization","@id":"https:\/\/legba-group.com\/fr\/#organization","name":"Legba Group","url":"https:\/\/legba-group.com\/fr\/","logo":{"@type":"ImageObject","inLanguage":"fr-FR","@id":"https:\/\/legba-group.com\/fr\/#\/schema\/logo\/image\/","url":"https:\/\/legba-group.com\/wp-content\/uploads\/2025\/06\/legba-group.jpg","contentUrl":"https:\/\/legba-group.com\/wp-content\/uploads\/2025\/06\/legba-group.jpg","width":600,"height":600,"caption":"Legba Group"},"image":{"@id":"https:\/\/legba-group.com\/fr\/#\/schema\/logo\/image\/"}}]}},"_links":{"self":[{"href":"https:\/\/legba-group.com\/fr\/wp-json\/wp\/v2\/pages\/13672","targetHints":{"allow":["GET"]}}],"collection":[{"href":"https:\/\/legba-group.com\/fr\/wp-json\/wp\/v2\/pages"}],"about":[{"href":"https:\/\/legba-group.com\/fr\/wp-json\/wp\/v2\/types\/page"}],"author":[{"embeddable":true,"href":"https:\/\/legba-group.com\/fr\/wp-json\/wp\/v2\/users\/1"}],"replies":[{"embeddable":true,"href":"https:\/\/legba-group.com\/fr\/wp-json\/wp\/v2\/comments?post=13672"}],"version-history":[{"count":5,"href":"https:\/\/legba-group.com\/fr\/wp-json\/wp\/v2\/pages\/13672\/revisions"}],"predecessor-version":[{"id":13752,"href":"https:\/\/legba-group.com\/fr\/wp-json\/wp\/v2\/pages\/13672\/revisions\/13752"}],"wp:featuredmedia":[{"embeddable":true,"href":"https:\/\/legba-group.com\/fr\/wp-json\/wp\/v2\/media\/13641"}],"wp:attachment":[{"href":"https:\/\/legba-group.com\/fr\/wp-json\/wp\/v2\/media?parent=13672"}],"curies":[{"name":"wp","href":"https:\/\/api.w.org\/{rel}","templated":true}]}}